{"id":2,"date":"2025-04-28T07:35:15","date_gmt":"2025-04-28T07:35:15","guid":{"rendered":"https:\/\/peluqueriaharon.rkinformatika.online\/?page_id=2"},"modified":"2025-04-30T10:30:41","modified_gmt":"2025-04-30T10:30:41","slug":"inicio","status":"publish","type":"page","link":"https:\/\/peluqueriaharon.com\/en\/","title":{"rendered":"Home"},"content":{"rendered":"\t\t<div data-elementor-type=\"wp-page\" data-elementor-id=\"2\" class=\"elementor elementor-2\" data-elementor-post-type=\"page\">\n\t\t\t\t<div class=\"elementor-element elementor-element-11d895c e-con-full e-flex e-con e-parent\" data-id=\"11d895c\" data-element_type=\"container\" data-e-type=\"container\" data-settings=\"{&quot;background_background&quot;:&quot;classic&quot;,&quot;background_motion_fx_motion_fx_scrolling&quot;:&quot;yes&quot;,&quot;background_motion_fx_devices&quot;:[&quot;desktop&quot;,&quot;tablet&quot;,&quot;mobile&quot;]}\">\n\t\t<div class=\"elementor-element elementor-element-93df22c e-flex e-con-boxed e-con e-child\" data-id=\"93df22c\" data-element_type=\"container\" data-e-type=\"container\">\n\t\t\t\t\t<div class=\"e-con-inner\">\n\t\t<div class=\"elementor-element elementor-element-f501e48 e-con-full e-flex e-con e-child\" data-id=\"f501e48\" data-element_type=\"container\" data-e-type=\"container\">\n\t\t\t\t<div class=\"elementor-element elementor-element-6af5a32 animated-slow elementor-invisible elementor-widget elementor-widget-heading\" data-id=\"6af5a32\" data-element_type=\"widget\" data-e-type=\"widget\" data-settings=\"{&quot;_animation&quot;:&quot;fadeIn&quot;}\" data-widget_type=\"heading.default\">\n\t\t\t\t<div class=\"elementor-widget-container\">\n\t\t\t\t\t<h2 class=\"elementor-heading-title elementor-size-default\">Bienvenidos a Peluquer\u00eda haron<\/h2>\t\t\t\t<\/div>\n\t\t\t\t<\/div>\n\t\t\t\t<div class=\"elementor-element elementor-element-ae64765 animated-slow elementor-invisible elementor-widget elementor-widget-heading\" data-id=\"ae64765\" data-element_type=\"widget\" data-e-type=\"widget\" data-settings=\"{&quot;_animation&quot;:&quot;fadeIn&quot;}\" data-widget_type=\"heading.default\">\n\t\t\t\t<div class=\"elementor-widget-container\">\n\t\t\t\t\t<h2 class=\"elementor-heading-title elementor-size-default\"> Aqu\u00ed empieza tu cambio de look.<\/h2>\t\t\t\t<\/div>\n\t\t\t\t<\/div>\n\t\t\t\t<\/div>\n\t\t\t\t\t<\/div>\n\t\t\t\t<\/div>\n\t\t\t\t<\/div>\n\t\t<div class=\"elementor-element elementor-element-1654550 e-flex e-con-boxed e-con e-parent\" data-id=\"1654550\" data-element_type=\"container\" data-e-type=\"container\">\n\t\t\t\t\t<div class=\"e-con-inner\">\n\t\t<div class=\"elementor-element elementor-element-4eb4236 e-con-full e-flex e-con e-child\" data-id=\"4eb4236\" data-element_type=\"container\" data-e-type=\"container\" data-settings=\"{&quot;background_background&quot;:&quot;classic&quot;}\">\n\t\t\t\t<div class=\"elementor-element elementor-element-5ced0fa elementor-widget elementor-widget-heading\" data-id=\"5ced0fa\" data-element_type=\"widget\" data-e-type=\"widget\" data-widget_type=\"heading.default\">\n\t\t\t\t<div class=\"elementor-widget-container\">\n\t\t\t\t\t<h2 class=\"elementor-heading-title elementor-size-default\">NUESTRA HISTORIA<\/h2>\t\t\t\t<\/div>\n\t\t\t\t<\/div>\n\t\t\t\t<div class=\"elementor-element elementor-element-de4f9f4 elementor-widget__width-initial elementor-widget elementor-widget-text-editor\" data-id=\"de4f9f4\" data-element_type=\"widget\" data-e-type=\"widget\" data-widget_type=\"text-editor.default\">\n\t\t\t\t<div class=\"elementor-widget-container\">\n\t\t\t\t\t\t\t\t\t<p class=\"\" data-start=\"138\" data-end=\"468\">Con m\u00e1s de 25 a\u00f1os de experiencia en el sector, en Peluquer\u00eda Haron nos dedicamos al arte del corte de pelo y el cuidado de la barba, combinando t\u00e9cnica, estilo y trato personalizado. Nuestra trayectoria refleja la confianza de nuestros clientes, que a\u00f1o tras a\u00f1o siguen apostando por nuestro saber hacer.<\/p><p class=\"\" data-start=\"470\" data-end=\"763\">Adem\u00e1s, ofrecemos una cuidada selecci\u00f3n de productos profesionales, como tintes, champ\u00fas y cosm\u00e9tica capilar, pensados para realzar y mantener tu estilo tambi\u00e9n en casa. En Haron, cada visita es mucho m\u00e1s que un corte: es una experiencia pensada para que salgas sinti\u00e9ndote y vi\u00e9ndote mejor.<\/p>\t\t\t\t\t\t\t\t<\/div>\n\t\t\t\t<\/div>\n\t\t\t\t<\/div>\n\t\t<div class=\"elementor-element elementor-element-f5440b5 e-con-full e-flex e-con e-child\" data-id=\"f5440b5\" data-element_type=\"container\" data-e-type=\"container\" data-settings=\"{&quot;background_background&quot;:&quot;classic&quot;}\">\n\t\t\t\t<\/div>\n\t\t\t\t\t<\/div>\n\t\t\t\t<\/div>\n\t\t<div class=\"elementor-element elementor-element-b1b3e1c e-con-full e-flex e-con e-parent\" data-id=\"b1b3e1c\" data-element_type=\"container\" data-e-type=\"container\" data-settings=\"{&quot;background_background&quot;:&quot;classic&quot;,&quot;background_motion_fx_motion_fx_scrolling&quot;:&quot;yes&quot;,&quot;background_motion_fx_devices&quot;:[&quot;desktop&quot;,&quot;tablet&quot;,&quot;mobile&quot;]}\">\n\t\t<div class=\"elementor-element elementor-element-e16a06f e-flex e-con-boxed e-con e-child\" data-id=\"e16a06f\" data-element_type=\"container\" data-e-type=\"container\">\n\t\t\t\t\t<div class=\"e-con-inner\">\n\t\t<div class=\"elementor-element elementor-element-69aded7 e-con-full e-flex e-con e-child\" data-id=\"69aded7\" data-element_type=\"container\" data-e-type=\"container\" data-settings=\"{&quot;background_background&quot;:&quot;classic&quot;}\">\n\t\t\t\t<div class=\"elementor-element elementor-element-a9c582a animated-slow elementor-invisible elementor-widget elementor-widget-heading\" data-id=\"a9c582a\" data-element_type=\"widget\" data-e-type=\"widget\" data-settings=\"{&quot;_animation&quot;:&quot;fadeIn&quot;}\" data-widget_type=\"heading.default\">\n\t\t\t\t<div class=\"elementor-widget-container\">\n\t\t\t\t\t<h2 class=\"elementor-heading-title elementor-size-default\">Elige el look que m\u00e1s va contigo.<\/h2>\t\t\t\t<\/div>\n\t\t\t\t<\/div>\n\t\t\t\t<\/div>\n\t\t\t\t<div class=\"elementor-element elementor-element-756866d elementor-align-center animated-slow elementor-invisible elementor-widget elementor-widget-button\" data-id=\"756866d\" data-element_type=\"widget\" data-e-type=\"widget\" data-settings=\"{&quot;_animation&quot;:&quot;fadeInUp&quot;}\" data-widget_type=\"button.default\">\n\t\t\t\t<div class=\"elementor-widget-container\">\n\t\t\t\t\t\t\t\t\t<div class=\"elementor-button-wrapper\">\n\t\t\t\t\t<a class=\"elementor-button elementor-button-link elementor-size-sm\" href=\"https:\/\/peluqueriaharon.com\/servicio\/\">\n\t\t\t\t\t\t<span class=\"elementor-button-content-wrapper\">\n\t\t\t\t\t\t\t\t\t<span class=\"elementor-button-text\">Ver Servicios<\/span>\n\t\t\t\t\t<\/span>\n\t\t\t\t\t<\/a>\n\t\t\t\t<\/div>\n\t\t\t\t\t\t\t\t<\/div>\n\t\t\t\t<\/div>\n\t\t\t\t\t<\/div>\n\t\t\t\t<\/div>\n\t\t\t\t<\/div>\n\t\t\t\t<\/div>\n\t\t","protected":false},"excerpt":{"rendered":"<p>Bienvenidos a Peluquer\u00eda haron Aqu\u00ed empieza tu cambio de look. NUESTRA HISTORIA Con m\u00e1s de 25 a\u00f1os de experiencia en el sector, en Peluquer\u00eda Haron nos dedicamos al arte del corte de pelo y el cuidado de la barba, combinando t\u00e9cnica, estilo y trato personalizado. Nuestra trayectoria refleja la confianza de nuestros clientes, que a\u00f1o [&hellip;]<\/p>\n","protected":false},"author":1,"featured_media":0,"parent":0,"menu_order":0,"comment_status":"closed","ping_status":"closed","template":"elementor_canvas","meta":{"footnotes":""},"class_list":["post-2","page","type-page","status-publish","hentry"],"yoast_head":"<!-- This site is optimized with the Yoast SEO plugin v27.3 - https:\/\/yoast.com\/product\/yoast-seo-wordpress\/ -->\n<title>Inicio - Peluquer\u00eda haron<\/title>\n<meta name=\"robots\" content=\"index, follow, max-snippet:-1, max-image-preview:large, max-video-preview:-1\" \/>\n<link rel=\"canonical\" href=\"https:\/\/peluqueriaharon.com\/en\/\" \/>\n<meta property=\"og:locale\" content=\"en_US\" \/>\n<meta property=\"og:type\" content=\"article\" \/>\n<meta property=\"og:title\" content=\"Inicio - Peluquer\u00eda haron\" \/>\n<meta property=\"og:description\" content=\"Bienvenidos a Peluquer\u00eda haron Aqu\u00ed empieza tu cambio de look. NUESTRA HISTORIA Con m\u00e1s de 25 a\u00f1os de experiencia en el sector, en Peluquer\u00eda Haron nos dedicamos al arte del corte de pelo y el cuidado de la barba, combinando t\u00e9cnica, estilo y trato personalizado. Nuestra trayectoria refleja la confianza de nuestros clientes, que a\u00f1o [&hellip;]\" \/>\n<meta property=\"og:url\" content=\"https:\/\/peluqueriaharon.com\/en\/\" \/>\n<meta property=\"og:site_name\" content=\"Peluquer\u00eda haron\" \/>\n<meta property=\"article:modified_time\" content=\"2025-04-30T10:30:41+00:00\" \/>\n<meta name=\"twitter:card\" content=\"summary_large_image\" \/>\n<meta name=\"twitter:label1\" content=\"Est. reading time\" \/>\n\t<meta name=\"twitter:data1\" content=\"1 minute\" \/>\n<script type=\"application\/ld+json\" class=\"yoast-schema-graph\">{\"@context\":\"https:\\\/\\\/schema.org\",\"@graph\":[{\"@type\":\"WebPage\",\"@id\":\"https:\\\/\\\/peluqueriaharon.com\\\/\",\"url\":\"https:\\\/\\\/peluqueriaharon.com\\\/\",\"name\":\"Inicio - Peluquer\u00eda haron\",\"isPartOf\":{\"@id\":\"https:\\\/\\\/peluqueriaharon.com\\\/#website\"},\"datePublished\":\"2025-04-28T07:35:15+00:00\",\"dateModified\":\"2025-04-30T10:30:41+00:00\",\"breadcrumb\":{\"@id\":\"https:\\\/\\\/peluqueriaharon.com\\\/#breadcrumb\"},\"inLanguage\":\"en-US\",\"potentialAction\":[{\"@type\":\"ReadAction\",\"target\":[\"https:\\\/\\\/peluqueriaharon.com\\\/\"]}]},{\"@type\":\"BreadcrumbList\",\"@id\":\"https:\\\/\\\/peluqueriaharon.com\\\/#breadcrumb\",\"itemListElement\":[{\"@type\":\"ListItem\",\"position\":1,\"name\":\"Portada\",\"item\":\"https:\\\/\\\/peluqueriaharon.com\\\/\"},{\"@type\":\"ListItem\",\"position\":2,\"name\":\"Inicio\"}]},{\"@type\":\"WebSite\",\"@id\":\"https:\\\/\\\/peluqueriaharon.com\\\/#website\",\"url\":\"https:\\\/\\\/peluqueriaharon.com\\\/\",\"name\":\"Peluquer\u00eda haron\",\"description\":\"M\u00e1s de 25 a\u00f1os de experiencia en el sector nos avalan \",\"publisher\":{\"@id\":\"https:\\\/\\\/peluqueriaharon.com\\\/#organization\"},\"potentialAction\":[{\"@type\":\"SearchAction\",\"target\":{\"@type\":\"EntryPoint\",\"urlTemplate\":\"https:\\\/\\\/peluqueriaharon.com\\\/?s={search_term_string}\"},\"query-input\":{\"@type\":\"PropertyValueSpecification\",\"valueRequired\":true,\"valueName\":\"search_term_string\"}}],\"inLanguage\":\"en-US\"},{\"@type\":\"Organization\",\"@id\":\"https:\\\/\\\/peluqueriaharon.com\\\/#organization\",\"name\":\"Peluquer\u00eda haron\",\"url\":\"https:\\\/\\\/peluqueriaharon.com\\\/\",\"logo\":{\"@type\":\"ImageObject\",\"inLanguage\":\"en-US\",\"@id\":\"https:\\\/\\\/peluqueriaharon.com\\\/#\\\/schema\\\/logo\\\/image\\\/\",\"url\":\"https:\\\/\\\/peluqueriaharon.com\\\/wp-content\\\/uploads\\\/2025\\\/04\\\/ChatGPT-Image-28-de-abr.-de-2025-10_12_57.png\",\"contentUrl\":\"https:\\\/\\\/peluqueriaharon.com\\\/wp-content\\\/uploads\\\/2025\\\/04\\\/ChatGPT-Image-28-de-abr.-de-2025-10_12_57.png\",\"width\":1024,\"height\":1024,\"caption\":\"Peluquer\u00eda haron\"},\"image\":{\"@id\":\"https:\\\/\\\/peluqueriaharon.com\\\/#\\\/schema\\\/logo\\\/image\\\/\"}}]}<\/script>\n<!-- \/ Yoast SEO plugin. -->","yoast_head_json":{"title":"Inicio - Peluquer\u00eda haron","robots":{"index":"index","follow":"follow","max-snippet":"max-snippet:-1","max-image-preview":"max-image-preview:large","max-video-preview":"max-video-preview:-1"},"canonical":"https:\/\/peluqueriaharon.com\/en\/","og_locale":"en_US","og_type":"article","og_title":"Inicio - Peluquer\u00eda haron","og_description":"Bienvenidos a Peluquer\u00eda haron Aqu\u00ed empieza tu cambio de look. NUESTRA HISTORIA Con m\u00e1s de 25 a\u00f1os de experiencia en el sector, en Peluquer\u00eda Haron nos dedicamos al arte del corte de pelo y el cuidado de la barba, combinando t\u00e9cnica, estilo y trato personalizado. Nuestra trayectoria refleja la confianza de nuestros clientes, que a\u00f1o [&hellip;]","og_url":"https:\/\/peluqueriaharon.com\/en\/","og_site_name":"Peluquer\u00eda haron","article_modified_time":"2025-04-30T10:30:41+00:00","twitter_card":"summary_large_image","twitter_misc":{"Est. reading time":"1 minute"},"schema":{"@context":"https:\/\/schema.org","@graph":[{"@type":"WebPage","@id":"https:\/\/peluqueriaharon.com\/","url":"https:\/\/peluqueriaharon.com\/","name":"Inicio - Peluquer\u00eda haron","isPartOf":{"@id":"https:\/\/peluqueriaharon.com\/#website"},"datePublished":"2025-04-28T07:35:15+00:00","dateModified":"2025-04-30T10:30:41+00:00","breadcrumb":{"@id":"https:\/\/peluqueriaharon.com\/#breadcrumb"},"inLanguage":"en-US","potentialAction":[{"@type":"ReadAction","target":["https:\/\/peluqueriaharon.com\/"]}]},{"@type":"BreadcrumbList","@id":"https:\/\/peluqueriaharon.com\/#breadcrumb","itemListElement":[{"@type":"ListItem","position":1,"name":"Portada","item":"https:\/\/peluqueriaharon.com\/"},{"@type":"ListItem","position":2,"name":"Inicio"}]},{"@type":"WebSite","@id":"https:\/\/peluqueriaharon.com\/#website","url":"https:\/\/peluqueriaharon.com\/","name":"Peluquer\u00eda haron","description":"M\u00e1s de 25 a\u00f1os de experiencia en el sector nos avalan","publisher":{"@id":"https:\/\/peluqueriaharon.com\/#organization"},"potentialAction":[{"@type":"SearchAction","target":{"@type":"EntryPoint","urlTemplate":"https:\/\/peluqueriaharon.com\/?s={search_term_string}"},"query-input":{"@type":"PropertyValueSpecification","valueRequired":true,"valueName":"search_term_string"}}],"inLanguage":"en-US"},{"@type":"Organization","@id":"https:\/\/peluqueriaharon.com\/#organization","name":"Peluquer\u00eda haron","url":"https:\/\/peluqueriaharon.com\/","logo":{"@type":"ImageObject","inLanguage":"en-US","@id":"https:\/\/peluqueriaharon.com\/#\/schema\/logo\/image\/","url":"https:\/\/peluqueriaharon.com\/wp-content\/uploads\/2025\/04\/ChatGPT-Image-28-de-abr.-de-2025-10_12_57.png","contentUrl":"https:\/\/peluqueriaharon.com\/wp-content\/uploads\/2025\/04\/ChatGPT-Image-28-de-abr.-de-2025-10_12_57.png","width":1024,"height":1024,"caption":"Peluquer\u00eda haron"},"image":{"@id":"https:\/\/peluqueriaharon.com\/#\/schema\/logo\/image\/"}}]}},"_links":{"self":[{"href":"https:\/\/peluqueriaharon.com\/en\/wp-json\/wp\/v2\/pages\/2","targetHints":{"allow":["GET"]}}],"collection":[{"href":"https:\/\/peluqueriaharon.com\/en\/wp-json\/wp\/v2\/pages"}],"about":[{"href":"https:\/\/peluqueriaharon.com\/en\/wp-json\/wp\/v2\/types\/page"}],"author":[{"embeddable":true,"href":"https:\/\/peluqueriaharon.com\/en\/wp-json\/wp\/v2\/users\/1"}],"replies":[{"embeddable":true,"href":"https:\/\/peluqueriaharon.com\/en\/wp-json\/wp\/v2\/comments?post=2"}],"version-history":[{"count":100,"href":"https:\/\/peluqueriaharon.com\/en\/wp-json\/wp\/v2\/pages\/2\/revisions"}],"predecessor-version":[{"id":537,"href":"https:\/\/peluqueriaharon.com\/en\/wp-json\/wp\/v2\/pages\/2\/revisions\/537"}],"wp:attachment":[{"href":"https:\/\/peluqueriaharon.com\/en\/wp-json\/wp\/v2\/media?parent=2"}],"curies":[{"name":"wp","href":"https:\/\/api.w.org\/{rel}","templated":true}]}}